{"id":21,"date":"2021-10-02T21:58:49","date_gmt":"2021-10-02T19:58:49","guid":{"rendered":"https:\/\/livserfaring.nu\/?page_id=21"},"modified":"2025-02-05T20:43:57","modified_gmt":"2025-02-05T19:43:57","slug":"kontakt","status":"publish","type":"page","link":"https:\/\/livserfaring.nu\/?page_id=21","title":{"rendered":"Kontakt"},"content":{"rendered":"<main role=\"main\">\n<article>\n<section data-id=\"684b886b\" data-element_type=\"section\" data-model-cid=\"c30\">\n<p>Bestil bogen<\/p>\n<\/section>\n<\/article>\n<\/main>\n<p>Udfyld formularen for at bestille bogen &#8220;Livet er en (op)gave&#8221;. Den koster kr. 140,- pr. stk. + forsendelse 45 kr. Betaling foreg\u00e5r p\u00e5 MobilePay 5321 4020 eller ved at inds\u00e6tte bel\u00f8bet p\u00e5 Livserfarings konto: 6695 1005196562.<\/p>\n<p>De kan ogs\u00e5 bestille bogen igennem Bog og ide&#8217;s hjemmeside:)<\/p>\n\n\n<\/p>\n\n<div class=\"wpcf7 no-js\" id=\"wpcf7-f146-o1\" lang=\"da-DK\" dir=\"ltr\">\n<div class=\"screen-reader-response\"><p role=\"status\" aria-live=\"polite\" aria-atomic=\"true\"><\/p> <ul><\/ul><\/div>\n<form action=\"\/index.php?rest_route=%2Fwp%2Fv2%2Fpages%2F21#wpcf7-f146-o1\" method=\"post\" class=\"wpcf7-form init\" aria-label=\"Kontaktformular\" novalidate=\"novalidate\" data-status=\"init\">\n<div style=\"display: none;\">\n<input type=\"hidden\" name=\"_wpcf7\" value=\"146\" \/>\n<input type=\"hidden\" name=\"_wpcf7_version\" value=\"5.8.3\" \/>\n<input type=\"hidden\" name=\"_wpcf7_locale\" value=\"da_DK\" \/>\n<input type=\"hidden\" name=\"_wpcf7_unit_tag\" value=\"wpcf7-f146-o1\" \/>\n<input type=\"hidden\" name=\"_wpcf7_container_post\" value=\"0\" \/>\n<input type=\"hidden\" name=\"_wpcf7_posted_data_hash\" value=\"\" \/>\n<input type=\"hidden\" name=\"_wpcf7_recaptcha_response\" value=\"\" \/>\n<\/div>\n<p><span class=\"wpcf7-form-control-wrap\" data-name=\"Fornavn\"><input size=\"40\" class=\"wpcf7-form-control wpcf7-text wpcf7-validates-as-required\" aria-required=\"true\" aria-invalid=\"false\" placeholder=\"Fornavn*\" value=\"\" type=\"text\" name=\"Fornavn\" \/><\/span>\n<\/p>\n<p><span class=\"wpcf7-form-control-wrap\" data-name=\"Efternavn\"><input size=\"40\" class=\"wpcf7-form-control wpcf7-text wpcf7-validates-as-required\" aria-required=\"true\" aria-invalid=\"false\" placeholder=\"Efternavn*\" value=\"\" type=\"text\" name=\"Efternavn\" \/><\/span>\n<\/p>\n<p><span class=\"wpcf7-form-control-wrap\" data-name=\"Adresse\"><input size=\"40\" class=\"wpcf7-form-control wpcf7-text wpcf7-validates-as-required\" aria-required=\"true\" aria-invalid=\"false\" placeholder=\"Adresse*\" value=\"\" type=\"text\" name=\"Adresse\" \/><\/span>\n<\/p>\n<p><span class=\"wpcf7-form-control-wrap\" data-name=\"Postnummer\"><input size=\"40\" class=\"wpcf7-form-control wpcf7-text wpcf7-validates-as-required\" aria-required=\"true\" aria-invalid=\"false\" placeholder=\"Postnummer*\" value=\"\" type=\"text\" name=\"Postnummer\" \/><\/span>\n<\/p>\n<p><span class=\"wpcf7-form-control-wrap\" data-name=\"By\"><input size=\"40\" class=\"wpcf7-form-control wpcf7-text wpcf7-validates-as-required\" aria-required=\"true\" aria-invalid=\"false\" placeholder=\"By*\" value=\"\" type=\"text\" name=\"By\" \/><\/span>\n<\/p>\n<p><span class=\"wpcf7-form-control-wrap\" data-name=\"Email\"><input size=\"40\" class=\"wpcf7-form-control wpcf7-email wpcf7-validates-as-required wpcf7-text wpcf7-validates-as-email\" aria-required=\"true\" aria-invalid=\"false\" placeholder=\"E-mailadresse*\" value=\"\" type=\"email\" name=\"Email\" \/><\/span>\n<\/p>\n<p><span class=\"wpcf7-form-control-wrap\" data-name=\"Antalboeger\"><input size=\"40\" class=\"wpcf7-form-control wpcf7-text wpcf7-validates-as-required\" aria-required=\"true\" aria-invalid=\"false\" placeholder=\"Antal b\u00f8ger*\" value=\"\" type=\"text\" name=\"Antalboeger\" \/><\/span>\n<\/p>\n<p><span class=\"wpcf7-form-control-wrap\" data-name=\"Besked\"><input size=\"40\" class=\"wpcf7-form-control wpcf7-text\" aria-invalid=\"false\" placeholder=\"Eventuel besked\" value=\"\" type=\"text\" name=\"Besked\" \/><\/span>\n<\/p>\n<p><input class=\"wpcf7-form-control wpcf7-submit has-spinner\" type=\"submit\" value=\"Bestil\" \/>\n<\/p><p style=\"display: none !important;\"><label>&#916;<textarea name=\"_wpcf7_ak_hp_textarea\" cols=\"45\" rows=\"8\" maxlength=\"100\"><\/textarea><\/label><input type=\"hidden\" id=\"ak_js_1\" name=\"_wpcf7_ak_js\" value=\"77\"\/><script>document.getElementById( \"ak_js_1\" ).setAttribute( \"value\", ( new Date() ).getTime() );<\/script><\/p><div class=\"wpcf7-response-output\" aria-hidden=\"true\"><\/div>\n<\/form>\n<\/div>\n\n<p>\n\n\n<\/p>\n<p>\n\n\n<\/p>\n<p>\n\n\n<\/p>\n<p>\n\n\n<\/p>\n<p>\n\n\n<\/p>\n<p>\n\n\n<\/p>\n<p>\n\n\n<\/p>","protected":false},"excerpt":{"rendered":"<p>Bestil bogen Udfyld formularen for at bestille bogen &#8220;Livet er en (op)gave&#8221;. Den koster kr. 140,- pr. stk. + forsendelse 45 kr. Betaling foreg\u00e5r p\u00e5 MobilePay 5321 4020 eller ved at inds\u00e6tte bel\u00f8bet p\u00e5 Livserfarings konto: 6695 1005196562. De kan ogs\u00e5 bestille bogen igennem Bog og ide&#8217;s hjemmeside:)<\/p>\n","protected":false},"author":1,"featured_media":0,"parent":0,"menu_order":0,"comment_status":"closed","ping_status":"closed","template":"","meta":{"footnotes":""},"class_list":["post-21","page","type-page","status-publish","hentry","entry"],"yoast_head":"<!-- This site is optimized with the Yoast SEO plugin v21.5 - https:\/\/yoast.com\/wordpress\/plugins\/seo\/ -->\n<title>Kontakt |<\/title>\n<meta name=\"robots\" content=\"index, follow, max-snippet:-1, max-image-preview:large, max-video-preview:-1\" \/>\n<link rel=\"canonical\" href=\"https:\/\/livserfaring.nu\/?page_id=21\" \/>\n<meta property=\"og:locale\" content=\"da_DK\" \/>\n<meta property=\"og:type\" content=\"article\" \/>\n<meta property=\"og:title\" content=\"Kontakt |\" \/>\n<meta property=\"og:description\" content=\"Bestil bogen Udfyld formularen for at bestille bogen &#8220;Livet er en (op)gave&#8221;. Den koster kr. 140,- pr. stk. + forsendelse 45 kr. Betaling foreg\u00e5r p\u00e5 MobilePay 5321 4020 eller ved at inds\u00e6tte bel\u00f8bet p\u00e5 Livserfarings konto: 6695 1005196562. De kan ogs\u00e5 bestille bogen igennem Bog og ide&#8217;s hjemmeside:)\" \/>\n<meta property=\"og:url\" content=\"https:\/\/livserfaring.nu\/?page_id=21\" \/>\n<meta property=\"article:modified_time\" content=\"2025-02-05T19:43:57+00:00\" \/>\n<meta name=\"twitter:card\" content=\"summary_large_image\" \/>\n<meta name=\"twitter:label1\" content=\"Estimeret l\u00e6setid\" \/>\n\t<meta name=\"twitter:data1\" content=\"1 minut\" \/>\n<script type=\"application\/ld+json\" class=\"yoast-schema-graph\">{\"@context\":\"https:\/\/schema.org\",\"@graph\":[{\"@type\":\"WebPage\",\"@id\":\"https:\/\/livserfaring.nu\/?page_id=21\",\"url\":\"https:\/\/livserfaring.nu\/?page_id=21\",\"name\":\"Kontakt |\",\"isPartOf\":{\"@id\":\"https:\/\/livserfaring.nu\/#website\"},\"datePublished\":\"2021-10-02T19:58:49+00:00\",\"dateModified\":\"2025-02-05T19:43:57+00:00\",\"breadcrumb\":{\"@id\":\"https:\/\/livserfaring.nu\/?page_id=21#breadcrumb\"},\"inLanguage\":\"da-DK\",\"potentialAction\":[{\"@type\":\"ReadAction\",\"target\":[\"https:\/\/livserfaring.nu\/?page_id=21\"]}]},{\"@type\":\"BreadcrumbList\",\"@id\":\"https:\/\/livserfaring.nu\/?page_id=21#breadcrumb\",\"itemListElement\":[{\"@type\":\"ListItem\",\"position\":1,\"name\":\"Hjem\",\"item\":\"https:\/\/livserfaring.nu\/\"},{\"@type\":\"ListItem\",\"position\":2,\"name\":\"Kontakt\"}]},{\"@type\":\"WebSite\",\"@id\":\"https:\/\/livserfaring.nu\/#website\",\"url\":\"https:\/\/livserfaring.nu\/\",\"name\":\"Livserfaring\",\"description\":\"\",\"publisher\":{\"@id\":\"https:\/\/livserfaring.nu\/#\/schema\/person\/4b75dd6cb004e5fb9ac83f0761907cd5\"},\"potentialAction\":[{\"@type\":\"SearchAction\",\"target\":{\"@type\":\"EntryPoint\",\"urlTemplate\":\"https:\/\/livserfaring.nu\/?s={search_term_string}\"},\"query-input\":\"required name=search_term_string\"}],\"inLanguage\":\"da-DK\"},{\"@type\":[\"Person\",\"Organization\"],\"@id\":\"https:\/\/livserfaring.nu\/#\/schema\/person\/4b75dd6cb004e5fb9ac83f0761907cd5\",\"name\":\"admin\",\"image\":{\"@type\":\"ImageObject\",\"inLanguage\":\"da-DK\",\"@id\":\"https:\/\/livserfaring.nu\/#\/schema\/person\/image\/\",\"url\":\"https:\/\/livserfaring.nu\/wp-content\/uploads\/2021\/10\/cropped-Original-on-Transparent.png\",\"contentUrl\":\"https:\/\/livserfaring.nu\/wp-content\/uploads\/2021\/10\/cropped-Original-on-Transparent.png\",\"width\":4629,\"height\":1205,\"caption\":\"admin\"},\"logo\":{\"@id\":\"https:\/\/livserfaring.nu\/#\/schema\/person\/image\/\"},\"sameAs\":[\"https:\/\/livserfaring.nu\"]}]}<\/script>\n<!-- \/ Yoast SEO plugin. -->","yoast_head_json":{"title":"Kontakt |","robots":{"index":"index","follow":"follow","max-snippet":"max-snippet:-1","max-image-preview":"max-image-preview:large","max-video-preview":"max-video-preview:-1"},"canonical":"https:\/\/livserfaring.nu\/?page_id=21","og_locale":"da_DK","og_type":"article","og_title":"Kontakt |","og_description":"Bestil bogen Udfyld formularen for at bestille bogen &#8220;Livet er en (op)gave&#8221;. Den koster kr. 140,- pr. stk. + forsendelse 45 kr. Betaling foreg\u00e5r p\u00e5 MobilePay 5321 4020 eller ved at inds\u00e6tte bel\u00f8bet p\u00e5 Livserfarings konto: 6695 1005196562. De kan ogs\u00e5 bestille bogen igennem Bog og ide&#8217;s hjemmeside:)","og_url":"https:\/\/livserfaring.nu\/?page_id=21","article_modified_time":"2025-02-05T19:43:57+00:00","twitter_card":"summary_large_image","twitter_misc":{"Estimeret l\u00e6setid":"1 minut"},"schema":{"@context":"https:\/\/schema.org","@graph":[{"@type":"WebPage","@id":"https:\/\/livserfaring.nu\/?page_id=21","url":"https:\/\/livserfaring.nu\/?page_id=21","name":"Kontakt |","isPartOf":{"@id":"https:\/\/livserfaring.nu\/#website"},"datePublished":"2021-10-02T19:58:49+00:00","dateModified":"2025-02-05T19:43:57+00:00","breadcrumb":{"@id":"https:\/\/livserfaring.nu\/?page_id=21#breadcrumb"},"inLanguage":"da-DK","potentialAction":[{"@type":"ReadAction","target":["https:\/\/livserfaring.nu\/?page_id=21"]}]},{"@type":"BreadcrumbList","@id":"https:\/\/livserfaring.nu\/?page_id=21#breadcrumb","itemListElement":[{"@type":"ListItem","position":1,"name":"Hjem","item":"https:\/\/livserfaring.nu\/"},{"@type":"ListItem","position":2,"name":"Kontakt"}]},{"@type":"WebSite","@id":"https:\/\/livserfaring.nu\/#website","url":"https:\/\/livserfaring.nu\/","name":"Livserfaring","description":"","publisher":{"@id":"https:\/\/livserfaring.nu\/#\/schema\/person\/4b75dd6cb004e5fb9ac83f0761907cd5"},"potentialAction":[{"@type":"SearchAction","target":{"@type":"EntryPoint","urlTemplate":"https:\/\/livserfaring.nu\/?s={search_term_string}"},"query-input":"required name=search_term_string"}],"inLanguage":"da-DK"},{"@type":["Person","Organization"],"@id":"https:\/\/livserfaring.nu\/#\/schema\/person\/4b75dd6cb004e5fb9ac83f0761907cd5","name":"admin","image":{"@type":"ImageObject","inLanguage":"da-DK","@id":"https:\/\/livserfaring.nu\/#\/schema\/person\/image\/","url":"https:\/\/livserfaring.nu\/wp-content\/uploads\/2021\/10\/cropped-Original-on-Transparent.png","contentUrl":"https:\/\/livserfaring.nu\/wp-content\/uploads\/2021\/10\/cropped-Original-on-Transparent.png","width":4629,"height":1205,"caption":"admin"},"logo":{"@id":"https:\/\/livserfaring.nu\/#\/schema\/person\/image\/"},"sameAs":["https:\/\/livserfaring.nu"]}]}},"_links":{"self":[{"href":"https:\/\/livserfaring.nu\/index.php?rest_route=\/wp\/v2\/pages\/21","targetHints":{"allow":["GET"]}}],"collection":[{"href":"https:\/\/livserfaring.nu\/index.php?rest_route=\/wp\/v2\/pages"}],"about":[{"href":"https:\/\/livserfaring.nu\/index.php?rest_route=\/wp\/v2\/types\/page"}],"author":[{"embeddable":true,"href":"https:\/\/livserfaring.nu\/index.php?rest_route=\/wp\/v2\/users\/1"}],"replies":[{"embeddable":true,"href":"https:\/\/livserfaring.nu\/index.php?rest_route=%2Fwp%2Fv2%2Fcomments&post=21"}],"version-history":[{"count":61,"href":"https:\/\/livserfaring.nu\/index.php?rest_route=\/wp\/v2\/pages\/21\/revisions"}],"predecessor-version":[{"id":511,"href":"https:\/\/livserfaring.nu\/index.php?rest_route=\/wp\/v2\/pages\/21\/revisions\/511"}],"wp:attachment":[{"href":"https:\/\/livserfaring.nu\/index.php?rest_route=%2Fwp%2Fv2%2Fmedia&parent=21"}],"curies":[{"name":"wp","href":"https:\/\/api.w.org\/{rel}","templated":true}]}}