{"id":223,"date":"2021-10-13T22:14:44","date_gmt":"2021-10-13T20:14:44","guid":{"rendered":"https:\/\/livserfaring.nu\/?page_id=223"},"modified":"2025-02-05T19:22:47","modified_gmt":"2025-02-05T18:22:47","slug":"elementor-223","status":"publish","type":"page","link":"https:\/\/livserfaring.nu\/?page_id=223","title":{"rendered":"Om bogen"},"content":{"rendered":"<h1>Anmeldelser af bogen &#8220;Livet er en (op)gave&#8221;<\/h1>\n<p>\t\t\t\t\t\t\t\t\t\t\t\t\t\t\t<img decoding=\"async\" width=\"676\" height=\"1024\" src=\"https:\/\/livserfaring.nu\/wp-content\/uploads\/2021\/11\/Bogomslag-Kirsten-Vinsten-Munk-676x1024.jpg\" alt=\"Livet er en (op)gave om at v\u00e6re p\u00e5r\u00f8rende til mennesker med psykisk sygdom - forfatter Kirsten Vinsten Munk\" loading=\"lazy\" srcset=\"https:\/\/livserfaring.nu\/wp-content\/uploads\/2021\/11\/Bogomslag-Kirsten-Vinsten-Munk-676x1024.jpg 676w, https:\/\/livserfaring.nu\/wp-content\/uploads\/2021\/11\/Bogomslag-Kirsten-Vinsten-Munk-198x300.jpg 198w, https:\/\/livserfaring.nu\/wp-content\/uploads\/2021\/11\/Bogomslag-Kirsten-Vinsten-Munk-768x1164.jpg 768w, https:\/\/livserfaring.nu\/wp-content\/uploads\/2021\/11\/Bogomslag-Kirsten-Vinsten-Munk.jpg 788w\" sizes=\"auto, (max-width: 676px) 100vw, 676px\" \/>\t\t\t\t\t\t\t\t\t\t\t\t\t\t\t<\/p>\n<h2><strong>L\u00e6rerig l\u00e6sning om kampen<\/strong> for at f\u00e5 den rette hj\u00e6lp<em><br \/><\/em><\/h2>\n<p><em>Dette er en fort\u00e6lling om den ufattelige k\u00e6rlighed til et udfordret barn, om arbejdet for fortsat at holde sammen som par og familie og om det n\u00f8dvendige i at finde tilbage til at v\u00e6re sig selv. <\/em><\/p>\n<p><em>Bogen beskriver den st\u00e6dige kamp for at f\u00e5 den rette hj\u00e6lp til dem, der betyder mest for \u00e9n. Den er skrevet i et ligefremt sprog, hvor man som l\u00e6ser straks fanges ind og ikke l\u00e6gger den fra sig, f\u00f8r man har hele historien med.<\/em><\/p>\n<p><em>Fort\u00e6llingen kommer fra et menneske, der selv arbejder i det system i samfundet, der skal hj\u00e6lpe andre. Gribende og l\u00e6rerig l\u00e6sning b\u00e5de for dem med lignende livsbetingelser og for dem, der arbejder i alle dele af \u201dsystemet\u201d.<\/em><\/p>\n<pre><b>Karen Steenholdt<\/b> <br \/>Speciall\u00e6ge i b\u00f8rne- og ungdomspsykiatri<\/pre>\n<p><strong>En l\u00e6rebog til ansatte i &#8220;systemet&#8221; og en selvhj\u00e6lpsbog for familier i lignende situationer.<br \/><\/strong><\/p>\n<p><em>Denne lille bog er en meget st\u00e6rk og meget personlig skildring af en kvindes k\u00e6rlighed til familien, samt den utr\u00e6ttelige kamp gennem den offentlige jungle &#8211; &#8220;systemet&#8221;<\/em><em>&#8211; i bestr\u00e6belserne p\u00e5 at finde og f\u00e5 bevilling til det optimale skoletilbud for sin s\u00f8n. <\/em><\/p>\n<p><em>Men bogen kan samtidig v\u00e6re en lille &#8220;l\u00e6rebog&#8221; til ansatte i &#8220;systemet&#8221;. Ihukommende <\/em><em>S\u00f8ren Kierkegaards evigtgyldige tese: At man n\u00e5r det i sandhed skal lykkes at f\u00f8re et menneske et bestemt sted, f\u00f8rst og fremmest m\u00e5 passe p\u00e5 at finde ham, der hvor han er og begynde der&#8230;&#8221; <\/em><em>Med andre ord: den nemmeste (billigste?) l\u00f8sning er ikke n\u00f8dvendigvis den rette. En diagnose er ikke en uniform. Alle b\u00f8r have krav p\u00e5 individuel behandling. <\/em><\/p>\n<p><em>Derudover kan bogen ogs\u00e5 virke som en lille selvhj\u00e6lpsbog for andre familier med problematikker der kr\u00e6ver &#8220;indblanding af systemet&#8221;. <\/em><em>Sluttelig vil enhver, der l\u00e6ser denne bog sidde tilbage med en stor beundring og dyb respekt for denne MOR.<\/em><\/p>\n<pre><b>Maja B\u00f8llingtoft<\/b><br \/>Pensioneret skolel\u00e6rer med mange \u00e5rs erfaring med b\u00f8rn og voksne med psykisk s\u00e5rbarhed og s\u00e6rlige behov<\/pre>\n<p>\t\t\t<a href=\"https:\/\/livserfaring.nu\/?page_id=21\" role=\"button\"><br \/>\n\t\t\t\t\t\tBestil bogen<br \/>\n\t\t\t\t\t<\/a><br \/>\n\t\t<i><strong>En \u00e6rlig beretning og l\u00e6rerig indsigt.<\/strong><\/i>\u00a0<i>Kirsten Munk\u00b4s velskrevne bog om det at leve i en familie med en autistisk s\u00f8n, er en \u00e6rlig beretning, der er fuld af kloge, r\u00f8rende og til tider humoristiske beskrivelser.<br \/><\/i><\/p>\n<p><i><i><br \/>Vi f\u00f8lger med helt fra begyndelsen, hvor hun og hendes mand m\u00f8des og dr\u00f8mmer om den familie de sammen vil stifte&#8230;men dr\u00f8mme er som bekendt gjort af et flygtigt stof &#8211; og meget bliver ikke som det unge par havde forestillet sig.<\/i><\/i><\/p>\n<p><i>Bogen henvender sig b\u00e5de til mennesker, der har et familiemedlem med udfordringer, men som l\u00e6rer, med mange\u00e5rige erfaringer indenfor autismeomr\u00e5det, har den ogs\u00e5 v\u00e6ret en l\u00e6rerig indsigt i de kampe familien har m\u00e5tte gennemg\u00e5 for at f\u00e5 den rette st\u00f8tte og hj\u00e6lp til deres dreng.<\/i><\/p>\n<pre><b>Bodil Enke<\/b>\nL\u00e6rer<\/pre>\n<p><strong><i>Personlige og faglige refleksioner.<\/i><\/strong><\/p>\n<p><i>Det er sin sag at favne sit liv, n\u00e5r udfordringerne st\u00e5r i k\u00f8. Men det har Kirsten Vinsten Munk p\u00e5 forunderlig vis form\u00e5et at g\u00f8re. Hendes bog &#8220;Livet er en (op)gave&#8221; er en personlig fort\u00e6lling om, hvordan hendes familie blev ramt af psykisk sygdom &#8211; hendes mand fik PTSD og hendes s\u00f8n diagnoserne ADHD og autisme. <\/i><\/p>\n<p><i>Bogen er usentimental skrevet med korte kapitler og et flydende sprog. Det fine ved Kirstens bog er, at hun ogs\u00e5 er fagperson, s\u00e5 hun kan se tingene fra begge sider. Derfor indeholder bogen b\u00e5de personlige og faglige refleksioner, som g\u00f8r \u00e9n klogere som l\u00e6ser &#8211; hvad enten man er fagperson eller mor til et barn med s\u00e6rlige behov.<\/i><\/p>\n<pre><b>Dorthe Stieper<\/b>\nFor\u00e6ldrementor, forfatter og foredragsholder<\/pre>\n\n\n<p><\/p>\n","protected":false},"excerpt":{"rendered":"<p>Anmeldelser af bogen &#8220;Livet er en (op)gave&#8221; L\u00e6rerig l\u00e6sning om kampen for at f\u00e5 den rette hj\u00e6lp Dette er en fort\u00e6lling om den ufattelige k\u00e6rlighed til et udfordret barn, om arbejdet for fortsat at holde sammen som par og familie og om det n\u00f8dvendige i at finde tilbage til at v\u00e6re sig selv. Bogen beskriver [&hellip;]<\/p>\n","protected":false},"author":2,"featured_media":0,"parent":0,"menu_order":0,"comment_status":"closed","ping_status":"closed","template":"","meta":{"footnotes":""},"class_list":["post-223","page","type-page","status-publish","hentry","entry"],"yoast_head":"<!-- This site is optimized with the Yoast SEO plugin v21.5 - https:\/\/yoast.com\/wordpress\/plugins\/seo\/ -->\n<title>Om bogen |<\/title>\n<meta name=\"robots\" content=\"index, follow, max-snippet:-1, max-image-preview:large, max-video-preview:-1\" \/>\n<link rel=\"canonical\" href=\"https:\/\/livserfaring.nu\/?page_id=223\" \/>\n<meta property=\"og:locale\" content=\"da_DK\" \/>\n<meta property=\"og:type\" content=\"article\" \/>\n<meta property=\"og:title\" content=\"Om bogen |\" \/>\n<meta property=\"og:description\" content=\"Anmeldelser af bogen &#8220;Livet er en (op)gave&#8221; L\u00e6rerig l\u00e6sning om kampen for at f\u00e5 den rette hj\u00e6lp Dette er en fort\u00e6lling om den ufattelige k\u00e6rlighed til et udfordret barn, om arbejdet for fortsat at holde sammen som par og familie og om det n\u00f8dvendige i at finde tilbage til at v\u00e6re sig selv. Bogen beskriver [&hellip;]\" \/>\n<meta property=\"og:url\" content=\"https:\/\/livserfaring.nu\/?page_id=223\" \/>\n<meta property=\"article:modified_time\" content=\"2025-02-05T18:22:47+00:00\" \/>\n<meta property=\"og:image\" content=\"https:\/\/livserfaring.nu\/wp-content\/uploads\/2021\/11\/Bogomslag-Kirsten-Vinsten-Munk-676x1024.jpg\" \/>\n<meta name=\"twitter:card\" content=\"summary_large_image\" \/>\n<meta name=\"twitter:label1\" content=\"Estimeret l\u00e6setid\" \/>\n\t<meta name=\"twitter:data1\" content=\"4 minutter\" \/>\n<script type=\"application\/ld+json\" class=\"yoast-schema-graph\">{\"@context\":\"https:\/\/schema.org\",\"@graph\":[{\"@type\":\"WebPage\",\"@id\":\"https:\/\/livserfaring.nu\/?page_id=223\",\"url\":\"https:\/\/livserfaring.nu\/?page_id=223\",\"name\":\"Om bogen |\",\"isPartOf\":{\"@id\":\"https:\/\/livserfaring.nu\/#website\"},\"datePublished\":\"2021-10-13T20:14:44+00:00\",\"dateModified\":\"2025-02-05T18:22:47+00:00\",\"breadcrumb\":{\"@id\":\"https:\/\/livserfaring.nu\/?page_id=223#breadcrumb\"},\"inLanguage\":\"da-DK\",\"potentialAction\":[{\"@type\":\"ReadAction\",\"target\":[\"https:\/\/livserfaring.nu\/?page_id=223\"]}]},{\"@type\":\"BreadcrumbList\",\"@id\":\"https:\/\/livserfaring.nu\/?page_id=223#breadcrumb\",\"itemListElement\":[{\"@type\":\"ListItem\",\"position\":1,\"name\":\"Hjem\",\"item\":\"https:\/\/livserfaring.nu\/\"},{\"@type\":\"ListItem\",\"position\":2,\"name\":\"Om bogen\"}]},{\"@type\":\"WebSite\",\"@id\":\"https:\/\/livserfaring.nu\/#website\",\"url\":\"https:\/\/livserfaring.nu\/\",\"name\":\"Livserfaring\",\"description\":\"\",\"publisher\":{\"@id\":\"https:\/\/livserfaring.nu\/#\/schema\/person\/4b75dd6cb004e5fb9ac83f0761907cd5\"},\"potentialAction\":[{\"@type\":\"SearchAction\",\"target\":{\"@type\":\"EntryPoint\",\"urlTemplate\":\"https:\/\/livserfaring.nu\/?s={search_term_string}\"},\"query-input\":\"required name=search_term_string\"}],\"inLanguage\":\"da-DK\"},{\"@type\":[\"Person\",\"Organization\"],\"@id\":\"https:\/\/livserfaring.nu\/#\/schema\/person\/4b75dd6cb004e5fb9ac83f0761907cd5\",\"name\":\"admin\",\"image\":{\"@type\":\"ImageObject\",\"inLanguage\":\"da-DK\",\"@id\":\"https:\/\/livserfaring.nu\/#\/schema\/person\/image\/\",\"url\":\"https:\/\/livserfaring.nu\/wp-content\/uploads\/2021\/10\/cropped-Original-on-Transparent.png\",\"contentUrl\":\"https:\/\/livserfaring.nu\/wp-content\/uploads\/2021\/10\/cropped-Original-on-Transparent.png\",\"width\":4629,\"height\":1205,\"caption\":\"admin\"},\"logo\":{\"@id\":\"https:\/\/livserfaring.nu\/#\/schema\/person\/image\/\"},\"sameAs\":[\"https:\/\/livserfaring.nu\"]}]}<\/script>\n<!-- \/ Yoast SEO plugin. -->","yoast_head_json":{"title":"Om bogen |","robots":{"index":"index","follow":"follow","max-snippet":"max-snippet:-1","max-image-preview":"max-image-preview:large","max-video-preview":"max-video-preview:-1"},"canonical":"https:\/\/livserfaring.nu\/?page_id=223","og_locale":"da_DK","og_type":"article","og_title":"Om bogen |","og_description":"Anmeldelser af bogen &#8220;Livet er en (op)gave&#8221; L\u00e6rerig l\u00e6sning om kampen for at f\u00e5 den rette hj\u00e6lp Dette er en fort\u00e6lling om den ufattelige k\u00e6rlighed til et udfordret barn, om arbejdet for fortsat at holde sammen som par og familie og om det n\u00f8dvendige i at finde tilbage til at v\u00e6re sig selv. Bogen beskriver [&hellip;]","og_url":"https:\/\/livserfaring.nu\/?page_id=223","article_modified_time":"2025-02-05T18:22:47+00:00","og_image":[{"url":"https:\/\/livserfaring.nu\/wp-content\/uploads\/2021\/11\/Bogomslag-Kirsten-Vinsten-Munk-676x1024.jpg"}],"twitter_card":"summary_large_image","twitter_misc":{"Estimeret l\u00e6setid":"4 minutter"},"schema":{"@context":"https:\/\/schema.org","@graph":[{"@type":"WebPage","@id":"https:\/\/livserfaring.nu\/?page_id=223","url":"https:\/\/livserfaring.nu\/?page_id=223","name":"Om bogen |","isPartOf":{"@id":"https:\/\/livserfaring.nu\/#website"},"datePublished":"2021-10-13T20:14:44+00:00","dateModified":"2025-02-05T18:22:47+00:00","breadcrumb":{"@id":"https:\/\/livserfaring.nu\/?page_id=223#breadcrumb"},"inLanguage":"da-DK","potentialAction":[{"@type":"ReadAction","target":["https:\/\/livserfaring.nu\/?page_id=223"]}]},{"@type":"BreadcrumbList","@id":"https:\/\/livserfaring.nu\/?page_id=223#breadcrumb","itemListElement":[{"@type":"ListItem","position":1,"name":"Hjem","item":"https:\/\/livserfaring.nu\/"},{"@type":"ListItem","position":2,"name":"Om bogen"}]},{"@type":"WebSite","@id":"https:\/\/livserfaring.nu\/#website","url":"https:\/\/livserfaring.nu\/","name":"Livserfaring","description":"","publisher":{"@id":"https:\/\/livserfaring.nu\/#\/schema\/person\/4b75dd6cb004e5fb9ac83f0761907cd5"},"potentialAction":[{"@type":"SearchAction","target":{"@type":"EntryPoint","urlTemplate":"https:\/\/livserfaring.nu\/?s={search_term_string}"},"query-input":"required name=search_term_string"}],"inLanguage":"da-DK"},{"@type":["Person","Organization"],"@id":"https:\/\/livserfaring.nu\/#\/schema\/person\/4b75dd6cb004e5fb9ac83f0761907cd5","name":"admin","image":{"@type":"ImageObject","inLanguage":"da-DK","@id":"https:\/\/livserfaring.nu\/#\/schema\/person\/image\/","url":"https:\/\/livserfaring.nu\/wp-content\/uploads\/2021\/10\/cropped-Original-on-Transparent.png","contentUrl":"https:\/\/livserfaring.nu\/wp-content\/uploads\/2021\/10\/cropped-Original-on-Transparent.png","width":4629,"height":1205,"caption":"admin"},"logo":{"@id":"https:\/\/livserfaring.nu\/#\/schema\/person\/image\/"},"sameAs":["https:\/\/livserfaring.nu"]}]}},"_links":{"self":[{"href":"https:\/\/livserfaring.nu\/index.php?rest_route=\/wp\/v2\/pages\/223","targetHints":{"allow":["GET"]}}],"collection":[{"href":"https:\/\/livserfaring.nu\/index.php?rest_route=\/wp\/v2\/pages"}],"about":[{"href":"https:\/\/livserfaring.nu\/index.php?rest_route=\/wp\/v2\/types\/page"}],"author":[{"embeddable":true,"href":"https:\/\/livserfaring.nu\/index.php?rest_route=\/wp\/v2\/users\/2"}],"replies":[{"embeddable":true,"href":"https:\/\/livserfaring.nu\/index.php?rest_route=%2Fwp%2Fv2%2Fcomments&post=223"}],"version-history":[{"count":59,"href":"https:\/\/livserfaring.nu\/index.php?rest_route=\/wp\/v2\/pages\/223\/revisions"}],"predecessor-version":[{"id":509,"href":"https:\/\/livserfaring.nu\/index.php?rest_route=\/wp\/v2\/pages\/223\/revisions\/509"}],"wp:attachment":[{"href":"https:\/\/livserfaring.nu\/index.php?rest_route=%2Fwp%2Fv2%2Fmedia&parent=223"}],"curies":[{"name":"wp","href":"https:\/\/api.w.org\/{rel}","templated":true}]}}